{"id":75,"date":"2015-10-02T16:30:28","date_gmt":"2015-10-02T19:30:28","guid":{"rendered":"http:\/\/www.cetap.org.br\/site\/?page_id=75"},"modified":"2026-01-08T12:11:17","modified_gmt":"2026-01-08T15:11:17","slug":"editais","status":"publish","type":"page","link":"https:\/\/www.cetap.org.br\/site\/editais\/","title":{"rendered":"Editais"},"content":{"rendered":"\n<pre class=\"wp-block-preformatted\">Janeiro de 2026<\/pre>\n\n\n\n<p><a href=\"https:\/\/cetap.org.br\/editais\/Edital-01-2026_selecao-assessor-tecnico-AS_CCS_PF_IPE.pdf\" target=\"_blank\" rel=\"noreferrer noopener\"><strong>Edital 01\/2026 &#8211; Sele\u00e7\u00e3o para Assessor(a) T\u00e9cnico(a) Produtivo &#8211; Equipe Regional Altos da Serra (1), Campos de Cima da Serra (1), Planalto (1) e Serra (1)<\/strong><\/a><\/p>\n\n\n\n<div class=\"wp-block-group\"><div class=\"wp-block-group__inner-container is-layout-constrained wp-block-group-is-layout-constrained\">\n<pre class=\"wp-block-preformatted\">Abril de 2024<\/pre>\n\n\n\n<p><strong><a href=\"https:\/\/cetap.org.br\/editais\/Edital-01-2024_selecao-assessor-tecnico-CSS.pdf\" target=\"_blank\" rel=\"noreferrer noopener\">Edital 01\/2024 &#8211; Sele\u00e7\u00e3o para Assessor(a) T\u00e9cnico(a) Produtivo &#8211; Equipe Regional dos Campos de Cima da Serra<\/a><\/strong><\/p>\n<\/div><\/div>\n\n\n\n<div class=\"wp-block-group\"><div class=\"wp-block-group__inner-container is-layout-constrained wp-block-group-is-layout-constrained\">\n<pre class=\"wp-block-preformatted\">Novembro de 2023<\/pre>\n\n\n\n<p><strong><a href=\"https:\/\/cetap.org.br\/editais\/Edital-02-2023_selecao-secretaria-PF.pdf\" target=\"_blank\" rel=\"noreferrer noopener\">Edital 02\/2023 &#8211; Sele\u00e7\u00e3o para Secretaria &#8211; Passo Fundo\/RS<\/a><\/strong><\/p>\n<\/div><\/div>\n\n\n\n<div class=\"wp-block-group\"><div class=\"wp-block-group__inner-container is-layout-constrained wp-block-group-is-layout-constrained\">\n<pre class=\"wp-block-preformatted\">Novembro de 2023<\/pre>\n\n\n\n<p><strong><a href=\"https:\/\/cetap.org.br\/editais\/Edital-01-2023_selecao-assessor-tecnico-AUeAS.pdf\" target=\"_blank\" rel=\"noreferrer noopener\">Edital 01\/2023 &#8211; Sele\u00e7\u00e3o para Assessor(a) T\u00e9cnico(a) Produtivo &#8211; Equipe Regional de Erechim (1) e Sananduva (1)<\/a><\/strong><\/p>\n<\/div><\/div>\n\n\n\n<div class=\"wp-block-group\"><div class=\"wp-block-group__inner-container is-layout-constrained wp-block-group-is-layout-constrained\">\n<pre class=\"wp-block-preformatted\">Abril de 2022<\/pre>\n\n\n\n<p><strong><a href=\"http:\/\/cetap.org.br\/editais\/Edital-01_2022_assessor-tecnico.pdf\" target=\"_blank\" rel=\"noreferrer noopener\">Edital 01\/2022 &#8211; Sele\u00e7\u00e3o para Assessor(a) T\u00e9cnico(a) Produtivo &#8211; Equipe Regional de Erechim (1) e Sananduva (1)<\/a><\/strong><\/p>\n<\/div><\/div>\n\n\n\n<p><strong><a href=\"http:\/\/cetap.org.br\/editais\/Edital-02_2022-assistente-social.pdf\" target=\"_blank\" rel=\"noreferrer noopener\">Edital 02\/2022 &#8211; Sele\u00e7\u00e3o para Assistente Social<\/a><\/strong><\/p>\n\n\n\n<pre class=\"wp-block-preformatted\">Julho de 2021<\/pre>\n\n\n\n<p><a rel=\"noreferrer noopener\" href=\"http:\/\/cetap.org.br\/editais\/Edital-01-2021_selecao_Assessor_Tecnico.pdf\" target=\"_blank\">Edital 01\/2021 &#8211; Sele\u00e7\u00e3o para Assessor(a) T\u00e9cnico(a)<\/a><\/p>\n\n\n\n<pre class=\"wp-block-preformatted\">Outubro de 2020<\/pre>\n\n\n\n<p><a href=\"https:\/\/www.cetap.org.br\/editais\/Edital-01-2020_selecao_secretaria.pdf\" target=\"_blank\" rel=\"noreferrer noopener\"><strong>Edital 01\/2020<\/strong> &#8211; Sele\u00e7\u00e3o para Secretaria (Passo Fundo\/RS)<\/a><\/p>\n\n\n\n<pre class=\"wp-block-preformatted\">Agosto de 2019<\/pre>\n\n\n\n<p><strong><a href=\"https:\/\/www.cetap.org.br\/editais\/Edital-04-2019_selecao_Assessor_Tecnico-Campos-de-Cima-da-Serra.pdf\" target=\"_blank\" rel=\"noreferrer noopener\" aria-label=\"Edital 04\/2019 - Sele\u00e7\u00e3o para Assessor T\u00e9cnico (Campos de Cima da Serra\/RS) (abre numa nova aba)\">Edital 04\/2019<\/a><\/strong><a href=\"https:\/\/www.cetap.org.br\/editais\/Edital-04-2019_selecao_Assessor_Tecnico-Campos-de-Cima-da-Serra.pdf\" target=\"_blank\" rel=\"noreferrer noopener\" aria-label=\"Edital 04\/2019 - Sele\u00e7\u00e3o para Assessor T\u00e9cnico (Campos de Cima da Serra\/RS) (abre numa nova aba)\"> &#8211; Sele\u00e7\u00e3o para Assessor T\u00e9cnico (Campos de Cima da Serra\/RS)<\/a><\/p>\n\n\n\n<pre class=\"wp-block-preformatted\">Junho de 2019<\/pre>\n\n\n\n<p><strong><a href=\"http:\/\/www.cetap.org.br\/editais\/Edital-03-2019_selecao_Assessor_Tecnico_AU.pdf\" target=\"_blank\" rel=\"noreferrer noopener\" aria-label=\"Edital 03\/2019 - Sele\u00e7\u00e3o para Assessor T\u00e9cnico (Alto_Uruguai\/RS) (abre numa nova aba)\">Edital 03\/2019<\/a><\/strong><a href=\"http:\/\/www.cetap.org.br\/editais\/Edital-03-2019_selecao_Assessor_Tecnico_AU.pdf\" target=\"_blank\" rel=\"noreferrer noopener\" aria-label=\"Edital 03\/2019 - Sele\u00e7\u00e3o para Assessor T\u00e9cnico (Alto_Uruguai\/RS) (abre numa nova aba)\"> &#8211; Sele\u00e7\u00e3o para Assessor T\u00e9cnico (Alto_Uruguai\/RS)<\/a><\/p>\n\n\n\n<pre class=\"wp-block-preformatted\">Mar\u00e7o de 2019<\/pre>\n\n\n\n<p><strong><a href=\"http:\/\/www.cetap.org.br\/editais\/Edital-02-2019_selecao_Assessor_Tecnico_Aratiba.pdf\" target=\"_blank\" rel=\"noreferrer noopener\" aria-label=\" (abre em uma nova aba)\">Edital 02\/2019<\/a><\/strong><a href=\"http:\/\/www.cetap.org.br\/editais\/Edital-02-2019_selecao_Assessor_Tecnico_Aratiba.pdf\" target=\"_blank\" rel=\"noreferrer noopener\" aria-label=\" (abre em uma nova aba)\"> &#8211; Sele\u00e7\u00e3o para Assessor T\u00e9cnico (Aratiba\/RS)<\/a><\/p>\n\n\n\n<pre class=\"wp-block-preformatted\">Janeiro de 2019<\/pre>\n\n\n\n<p><strong><a rel=\"noreferrer noopener\" aria-label=\"Edital 01\/2019 - Sele\u00e7\u00e3o para Secretaria (abre em uma nova aba)\" href=\"http:\/\/www.cetap.org.br\/editais\/Edital-01-2019_selecao_secretaria.pdf\" target=\"_blank\">Edital 01\/2019<\/a><\/strong><a rel=\"noreferrer noopener\" aria-label=\"Edital 01\/2019 - Sele\u00e7\u00e3o para Secretaria (abre em uma nova aba)\" href=\"http:\/\/www.cetap.org.br\/editais\/Edital-01-2019_selecao_secretaria.pdf\" target=\"_blank\"> &#8211; Sele\u00e7\u00e3o para Secretaria<\/a><\/p>\n","protected":false},"excerpt":{"rendered":"<p>Janeiro de 2026 Edital 01\/2026 &#8211; Sele\u00e7\u00e3o para Assessor(a) T\u00e9cnico(a) Produtivo &#8211; Equipe Regional Altos da Serra (1), Campos de Cima da Serra (1), Planalto (1) e Serra (1) Abril de 2024 Edital 01\/2024 &#8211; Sele\u00e7\u00e3o para Assessor(a) T\u00e9cnico(a) Produtivo &#8211; Equipe Regional dos Campos de Cima da Serra Novembro de 2023 Edital 02\/2023 &#8211;30<\/p>\n","protected":false},"author":1,"featured_media":0,"parent":0,"menu_order":0,"comment_status":"closed","ping_status":"closed","template":"","meta":{"footnotes":""},"class_list":["post-75","page","type-page","status-publish","hentry"],"_links":{"self":[{"href":"https:\/\/www.cetap.org.br\/site\/wp-json\/wp\/v2\/pages\/75","targetHints":{"allow":["GET"]}}],"collection":[{"href":"https:\/\/www.cetap.org.br\/site\/wp-json\/wp\/v2\/pages"}],"about":[{"href":"https:\/\/www.cetap.org.br\/site\/wp-json\/wp\/v2\/types\/page"}],"author":[{"embeddable":true,"href":"https:\/\/www.cetap.org.br\/site\/wp-json\/wp\/v2\/users\/1"}],"replies":[{"embeddable":true,"href":"https:\/\/www.cetap.org.br\/site\/wp-json\/wp\/v2\/comments?post=75"}],"version-history":[{"count":24,"href":"https:\/\/www.cetap.org.br\/site\/wp-json\/wp\/v2\/pages\/75\/revisions"}],"predecessor-version":[{"id":5706,"href":"https:\/\/www.cetap.org.br\/site\/wp-json\/wp\/v2\/pages\/75\/revisions\/5706"}],"wp:attachment":[{"href":"https:\/\/www.cetap.org.br\/site\/wp-json\/wp\/v2\/media?parent=75"}],"curies":[{"name":"wp","href":"https:\/\/api.w.org\/{rel}","templated":true}]}}