{"id":5298,"date":"2024-12-23T01:34:02","date_gmt":"2024-12-23T04:34:02","guid":{"rendered":"https:\/\/www.cetap.org.br\/site\/?page_id=5298"},"modified":"2024-12-23T02:29:09","modified_gmt":"2024-12-23T05:29:09","slug":"campanha-enchentes-2024","status":"publish","type":"page","link":"https:\/\/www.cetap.org.br\/site\/campanha-enchentes-2024\/","title":{"rendered":"Campanha de apoio aos atingidos pela cat\u00e1strofe ambiental no RS em 2024"},"content":{"rendered":"\t\t<div data-elementor-type=\"wp-page\" data-elementor-id=\"5298\" class=\"elementor elementor-5298\" data-elementor-post-type=\"page\">\n\t\t\t\t\t\t<section class=\"elementor-section elementor-top-section elementor-element elementor-element-b1d5aa6 elementor-section-boxed elementor-section-height-default elementor-section-height-default\" data-id=\"b1d5aa6\" data-element_type=\"section\" data-e-type=\"section\">\n\t\t\t\t\t\t<div class=\"elementor-container elementor-column-gap-default\">\n\t\t\t\t\t<div class=\"elementor-column elementor-col-100 elementor-top-column elementor-element elementor-element-5939ac7\" data-id=\"5939ac7\" data-element_type=\"column\" data-e-type=\"column\">\n\t\t\t<div class=\"elementor-widget-wrap elementor-element-populated\">\n\t\t\t\t\t\t<div class=\"elementor-element elementor-element-8d090a2 elementor-widget elementor-widget-heading\" data-id=\"8d090a2\" data-element_type=\"widget\" data-e-type=\"widget\" data-widget_type=\"heading.default\">\n\t\t\t\t<div class=\"elementor-widget-container\">\n\t\t\t\t\t<h2 class=\"elementor-heading-title elementor-size-default\">Campanha de apoio aos atingidos pela cat\u00e1strofe ambiental no RS em 2024<\/h2>\t\t\t\t<\/div>\n\t\t\t\t<\/div>\n\t\t\t\t\t<\/div>\n\t\t<\/div>\n\t\t\t\t\t<\/div>\n\t\t<\/section>\n\t\t\t\t<section class=\"elementor-section elementor-top-section elementor-element elementor-element-3693ef23 elementor-section-boxed elementor-section-height-default elementor-section-height-default\" data-id=\"3693ef23\" data-element_type=\"section\" data-e-type=\"section\">\n\t\t\t\t\t\t<div class=\"elementor-container elementor-column-gap-default\">\n\t\t\t\t\t<div class=\"elementor-column elementor-col-100 elementor-top-column elementor-element elementor-element-6310a729\" data-id=\"6310a729\" data-element_type=\"column\" data-e-type=\"column\">\n\t\t\t<div class=\"elementor-widget-wrap elementor-element-populated\">\n\t\t\t\t\t\t<div class=\"elementor-element elementor-element-7c38b0e1 elementor-widget elementor-widget-text-editor\" data-id=\"7c38b0e1\" data-element_type=\"widget\" data-e-type=\"widget\" data-widget_type=\"text-editor.default\">\n\t\t\t\t<div class=\"elementor-widget-container\">\n\t\t\t\t\t\t\t\t\t<p><\/p>\n<p>O Centro de Tecnologias Alternativas Populares (CETAP) coordenou uma campanha promovida em conjunto pela Cadeia Produtiva Solid\u00e1ria das Frutas Nativas do RS (CPSFN) e pela Rede Ecovida de Agroecologia, em apoio \u00e0s pessoas e comunidade atingidas pelas enchentes no Rio Grande do Sul, no ano de 2024.<\/p>\n<p><\/p>\n<p>A campanha buscou arrecadar fundos para a\u00e7\u00f5es emergenciais, visando a compra e distribui\u00e7\u00e3o de itens para espa\u00e7os organizados por outras organiza\u00e7\u00f5es da sociedade civil, que atuaram diretamente em frentes como abrigos e cozinhas comunit\u00e1rias. A campanha foi dividida em duas grandes a\u00e7\u00f5es, uma executada a partir de um projeto que contou com o apoio da Funda\u00e7\u00e3o Banco do Brasil, e outra a\u00e7\u00e3o desenvolvida a partir da arrecada\u00e7\u00e3o de doa\u00e7\u00f5es de pessoas f\u00edsicas e jur\u00eddicas, feitas diretamente na conta banc\u00e1ria criada para este fim.<\/p>\n<p><\/p>\n<p>Apresentamos abaixo o resumo dos valores arrecadados e a aplica\u00e7\u00e3o dos recursos obtidos com as doa\u00e7\u00f5es feitas diretamente na conta criada pelo CETAP para este fim:<\/p>\n<p><\/p>\n<p><\/p>\t\t\t\t\t\t\t\t<\/div>\n\t\t\t\t<\/div>\n\t\t\t\t\t<\/div>\n\t\t<\/div>\n\t\t\t\t\t<\/div>\n\t\t<\/section>\n\t\t\t\t<section class=\"elementor-section elementor-top-section elementor-element elementor-element-759d1bd elementor-section-boxed elementor-section-height-default elementor-section-height-default\" data-id=\"759d1bd\" data-element_type=\"section\" data-e-type=\"section\">\n\t\t\t\t\t\t<div class=\"elementor-container elementor-column-gap-extended\">\n\t\t\t\t\t<div class=\"elementor-column elementor-col-50 elementor-top-column elementor-element elementor-element-c37e79e\" data-id=\"c37e79e\" data-element_type=\"column\" data-e-type=\"column\">\n\t\t\t<div class=\"elementor-widget-wrap elementor-element-populated\">\n\t\t\t\t\t\t<div class=\"elementor-element elementor-element-c629f48 elementor-widget elementor-widget-text-editor\" data-id=\"c629f48\" data-element_type=\"widget\" data-e-type=\"widget\" data-widget_type=\"text-editor.default\">\n\t\t\t\t<div class=\"elementor-widget-container\">\n\t\t\t\t\t\t\t\t\t<table width=\"330\">\n<tbody>\n<tr>\n<td width=\"226\">\n<p>Entradas de doa\u00e7\u00f5es<\/p>\n<\/td>\n<td width=\"104\">\n<p style=\"text-align: right;\">R$ 4.053,00<\/p>\n<\/td>\n<\/tr>\n<tr>\n<td width=\"226\">\n<p>Juros e rendimentos<\/p>\n<\/td>\n<td width=\"104\">\n<p style=\"text-align: right;\">R$ 134,47<\/p>\n<\/td>\n<\/tr>\n<tr>\n<td width=\"226\">\n<p>Total arrecadado<\/p>\n<\/td>\n<td width=\"104\">\n<p style=\"text-align: right;\"><strong>R$ 4.187,47<\/strong><\/p>\n<\/td>\n<\/tr>\n<tr>\n<td width=\"226\">\n<p>Despesas banc\u00e1rias<\/p>\n<\/td>\n<td width=\"104\">\n<p style=\"text-align: right;\">-R$ 264,60<\/p>\n<\/td>\n<\/tr>\n<tr>\n<td width=\"226\">\n<p><strong>Saldo l\u00edquido da campanha<\/strong><\/p>\n<\/td>\n<td width=\"104\">\n<p style=\"text-align: right;\"><strong>R$ 3.922,87<\/strong><\/p>\n<\/td>\n<\/tr>\n<tr>\n<td width=\"226\">\n<p><strong>Compra de alimentos<\/strong><\/p>\n<\/td>\n<td width=\"104\">\n<p style=\"text-align: right;\"><strong>-R$ 3.922,84<\/strong><\/p>\n<\/td>\n<\/tr>\n<tr>\n<td width=\"226\">\n<p>Saldo no encerramento da conta<\/p>\n<\/td>\n<td width=\"104\">\n<p style=\"text-align: right;\">R$ 0,03<\/p>\n<\/td>\n<\/tr>\n<\/tbody>\n<\/table>\t\t\t\t\t\t\t\t<\/div>\n\t\t\t\t<\/div>\n\t\t\t\t\t<\/div>\n\t\t<\/div>\n\t\t\t\t<div class=\"elementor-column elementor-col-50 elementor-top-column elementor-element elementor-element-f191284\" data-id=\"f191284\" data-element_type=\"column\" data-e-type=\"column\">\n\t\t\t<div class=\"elementor-widget-wrap elementor-element-populated\">\n\t\t\t\t\t\t<div class=\"elementor-element elementor-element-e260edd elementor-widget elementor-widget-gallery\" data-id=\"e260edd\" data-element_type=\"widget\" data-e-type=\"widget\" data-settings=\"{&quot;columns&quot;:2,&quot;gap&quot;:{&quot;unit&quot;:&quot;px&quot;,&quot;size&quot;:30,&quot;sizes&quot;:[]},&quot;overlay_title&quot;:&quot;caption&quot;,&quot;lazyload&quot;:&quot;yes&quot;,&quot;gallery_layout&quot;:&quot;grid&quot;,&quot;columns_tablet&quot;:2,&quot;columns_mobile&quot;:1,&quot;gap_tablet&quot;:{&quot;unit&quot;:&quot;px&quot;,&quot;size&quot;:10,&quot;sizes&quot;:[]},&quot;gap_mobile&quot;:{&quot;unit&quot;:&quot;px&quot;,&quot;size&quot;:10,&quot;sizes&quot;:[]},&quot;link_to&quot;:&quot;file&quot;,&quot;aspect_ratio&quot;:&quot;3:2&quot;,&quot;overlay_background&quot;:&quot;yes&quot;,&quot;content_hover_animation&quot;:&quot;fade-in&quot;}\" data-widget_type=\"gallery.default\">\n\t\t\t\t<div class=\"elementor-widget-container\">\n\t\t\t\t\t\t\t<div class=\"elementor-gallery__container\">\n\t\t\t\t\t\t\t<a class=\"e-gallery-item elementor-gallery-item elementor-animated-content\" href=\"https:\/\/www.cetap.org.br\/site\/wp-content\/uploads\/2024\/12\/2024-12-20-Campanha-Enchentes-contabilidade.jpg\" data-elementor-open-lightbox=\"yes\" data-elementor-lightbox-slideshow=\"e260edd\" data-elementor-lightbox-title=\"2024-12-20-Campanha-Enchentes-contabilidade\" data-e-action-hash=\"#elementor-action%3Aaction%3Dlightbox%26settings%3DeyJpZCI6NTMwOCwidXJsIjoiaHR0cHM6XC9cL3d3dy5jZXRhcC5vcmcuYnJcL3NpdGVcL3dwLWNvbnRlbnRcL3VwbG9hZHNcLzIwMjRcLzEyXC8yMDI0LTEyLTIwLUNhbXBhbmhhLUVuY2hlbnRlcy1jb250YWJpbGlkYWRlLmpwZyIsInNsaWRlc2hvdyI6ImUyNjBlZGQifQ%3D%3D\">\n\t\t\t\t\t<div class=\"e-gallery-image elementor-gallery-item__image\" data-thumbnail=\"https:\/\/www.cetap.org.br\/site\/wp-content\/uploads\/2024\/12\/2024-12-20-Campanha-Enchentes-contabilidade-188x300.jpg\" data-width=\"188\" data-height=\"300\" aria-label=\"\" role=\"img\" ><\/div>\n\t\t\t\t\t\t\t\t\t\t\t<div class=\"elementor-gallery-item__overlay\"><\/div>\n\t\t\t\t\t\t\t\t\t\t\t\t\t\t\t<div class=\"elementor-gallery-item__content\">\n\t\t\t\t\t\t\t\t\t\t\t\t\t\t<div class=\"elementor-gallery-item__title\">\n\t\t\t\t\t\t\t\t\t\t\t\t\t\t\t\t\t\tLan\u00e7amento cont\u00e1bil\t\t\t\t\t\t\t\t<\/div>\n\t\t\t\t\t\t\t\t\t\t\t\t<\/div>\n\t\t\t\t\t\t\t\t\t<\/a>\n\t\t\t\t\t\t\t<a class=\"e-gallery-item elementor-gallery-item elementor-animated-content\" href=\"https:\/\/www.cetap.org.br\/site\/wp-content\/uploads\/2024\/12\/2024-12-20-Campanha-Enchentes-pagamento-ES.jpg\" data-elementor-open-lightbox=\"yes\" data-elementor-lightbox-slideshow=\"e260edd\" data-elementor-lightbox-title=\"2024-12-20-Campanha-Enchentes-pagamento-ES\" data-e-action-hash=\"#elementor-action%3Aaction%3Dlightbox%26settings%3DeyJpZCI6NTMwNywidXJsIjoiaHR0cHM6XC9cL3d3dy5jZXRhcC5vcmcuYnJcL3NpdGVcL3dwLWNvbnRlbnRcL3VwbG9hZHNcLzIwMjRcLzEyXC8yMDI0LTEyLTIwLUNhbXBhbmhhLUVuY2hlbnRlcy1wYWdhbWVudG8tRVMuanBnIiwic2xpZGVzaG93IjoiZTI2MGVkZCJ9\">\n\t\t\t\t\t<div class=\"e-gallery-image elementor-gallery-item__image\" data-thumbnail=\"https:\/\/www.cetap.org.br\/site\/wp-content\/uploads\/2024\/12\/2024-12-20-Campanha-Enchentes-pagamento-ES-300x212.jpg\" data-width=\"300\" data-height=\"212\" aria-label=\"\" role=\"img\" ><\/div>\n\t\t\t\t\t\t\t\t\t\t\t<div class=\"elementor-gallery-item__overlay\"><\/div>\n\t\t\t\t\t\t\t\t\t\t\t\t\t\t\t<div class=\"elementor-gallery-item__content\">\n\t\t\t\t\t\t\t\t\t\t\t\t\t\t<div class=\"elementor-gallery-item__title\">\n\t\t\t\t\t\t\t\t\t\t\t\t\t\t\t\t\t\tComprovante pagamento\t\t\t\t\t\t\t\t<\/div>\n\t\t\t\t\t\t\t\t\t\t\t\t<\/div>\n\t\t\t\t\t\t\t\t\t<\/a>\n\t\t\t\t\t<\/div>\n\t\t\t\t\t<\/div>\n\t\t\t\t<\/div>\n\t\t\t\t<div class=\"elementor-element elementor-element-ca763ac elementor-widget elementor-widget-image\" data-id=\"ca763ac\" data-element_type=\"widget\" data-e-type=\"widget\" data-widget_type=\"image.default\">\n\t\t\t\t<div class=\"elementor-widget-container\">\n\t\t\t\t\t\t\t\t\t\t\t\t<figure class=\"wp-caption\">\n\t\t\t\t\t\t\t\t\t\t\t<a href=\"https:\/\/www.cetap.org.br\/site\/wp-content\/uploads\/2024\/12\/2024-12-20-Campanha-Enchentes-contabilidade.pdf\" target=\"_blank\">\n\t\t\t\t\t\t\t<img fetchpriority=\"high\" decoding=\"async\" width=\"700\" height=\"356\" src=\"https:\/\/www.cetap.org.br\/site\/wp-content\/uploads\/2024\/12\/2024-12-20-Campanha-Enchentes-contabil-cp.jpg\" class=\"attachment-full size-full wp-image-5315\" alt=\"\" srcset=\"https:\/\/www.cetap.org.br\/site\/wp-content\/uploads\/2024\/12\/2024-12-20-Campanha-Enchentes-contabil-cp.jpg 700w, https:\/\/www.cetap.org.br\/site\/wp-content\/uploads\/2024\/12\/2024-12-20-Campanha-Enchentes-contabil-cp-300x153.jpg 300w\" sizes=\"(max-width: 700px) 100vw, 700px\" \/>\t\t\t\t\t\t\t\t<\/a>\n\t\t\t\t\t\t\t\t\t\t\t<figcaption class=\"widget-image-caption wp-caption-text\">Arquivo em PDF<\/figcaption>\n\t\t\t\t\t\t\t\t\t\t<\/figure>\n\t\t\t\t\t\t\t\t\t<\/div>\n\t\t\t\t<\/div>\n\t\t\t\t\t<\/div>\n\t\t<\/div>\n\t\t\t\t\t<\/div>\n\t\t<\/section>\n\t\t\t\t<section class=\"elementor-section elementor-top-section elementor-element elementor-element-b86bc00 elementor-section-boxed elementor-section-height-default elementor-section-height-default\" data-id=\"b86bc00\" data-element_type=\"section\" data-e-type=\"section\">\n\t\t\t\t\t\t<div class=\"elementor-container elementor-column-gap-default\">\n\t\t\t\t\t<div class=\"elementor-column elementor-col-100 elementor-top-column elementor-element elementor-element-98008db\" data-id=\"98008db\" data-element_type=\"column\" data-e-type=\"column\">\n\t\t\t<div class=\"elementor-widget-wrap elementor-element-populated\">\n\t\t\t\t\t\t<div class=\"elementor-element elementor-element-155f78d elementor-widget elementor-widget-text-editor\" data-id=\"155f78d\" data-element_type=\"widget\" data-e-type=\"widget\" data-widget_type=\"text-editor.default\">\n\t\t\t\t<div class=\"elementor-widget-container\">\n\t\t\t\t\t\t\t\t\t<p>Os valores arrecadados nesta a\u00e7\u00e3o da campanha foram integralmente utilizados para a compra de alimentos produzidos pelo empreendimento Encontro de Sabores e posteriormente distribu\u00eddos para cozinhas comunit\u00e1rias organizadas na capital ga\u00facha, que produziram marmitas para o consumo imediato e tamb\u00e9m atuaram na distribui\u00e7\u00e3o de sacolas de alimentos para as fam\u00edlias atingidas pelas enchentes na regi\u00e3o metropolitana de Porto Alegre\/RS. Confira abaixo algumas fotos da entrega dos produtos e da prepara\u00e7\u00e3o e distribui\u00e7\u00e3o dos alimentos.<\/p>\t\t\t\t\t\t\t\t<\/div>\n\t\t\t\t<\/div>\n\t\t\t\t\t<\/div>\n\t\t<\/div>\n\t\t\t\t\t<\/div>\n\t\t<\/section>\n\t\t\t\t<section class=\"elementor-section elementor-top-section elementor-element elementor-element-b743153 elementor-section-boxed elementor-section-height-default elementor-section-height-default\" data-id=\"b743153\" data-element_type=\"section\" data-e-type=\"section\">\n\t\t\t\t\t\t<div class=\"elementor-container elementor-column-gap-default\">\n\t\t\t\t\t<div class=\"elementor-column elementor-col-100 elementor-top-column elementor-element elementor-element-95cf7a6\" data-id=\"95cf7a6\" data-element_type=\"column\" data-e-type=\"column\">\n\t\t\t<div class=\"elementor-widget-wrap elementor-element-populated\">\n\t\t\t\t\t\t<div class=\"elementor-element elementor-element-5208618 elementor-widget elementor-widget-gallery\" data-id=\"5208618\" data-element_type=\"widget\" data-e-type=\"widget\" data-settings=\"{&quot;columns&quot;:3,&quot;gap&quot;:{&quot;unit&quot;:&quot;px&quot;,&quot;size&quot;:25,&quot;sizes&quot;:[]},&quot;lazyload&quot;:&quot;yes&quot;,&quot;gallery_layout&quot;:&quot;grid&quot;,&quot;columns_tablet&quot;:2,&quot;columns_mobile&quot;:1,&quot;gap_tablet&quot;:{&quot;unit&quot;:&quot;px&quot;,&quot;size&quot;:10,&quot;sizes&quot;:[]},&quot;gap_mobile&quot;:{&quot;unit&quot;:&quot;px&quot;,&quot;size&quot;:10,&quot;sizes&quot;:[]},&quot;link_to&quot;:&quot;file&quot;,&quot;aspect_ratio&quot;:&quot;3:2&quot;,&quot;overlay_background&quot;:&quot;yes&quot;,&quot;content_hover_animation&quot;:&quot;fade-in&quot;}\" data-widget_type=\"gallery.default\">\n\t\t\t\t<div class=\"elementor-widget-container\">\n\t\t\t\t\t\t\t<div class=\"elementor-gallery__container\">\n\t\t\t\t\t\t\t<a class=\"e-gallery-item elementor-gallery-item elementor-animated-content\" href=\"https:\/\/www.cetap.org.br\/site\/wp-content\/uploads\/2024\/12\/Enchentes-alimentos-POA_01.jpg\" data-elementor-open-lightbox=\"yes\" data-elementor-lightbox-slideshow=\"5208618\" data-elementor-lightbox-title=\"Enchentes-alimentos-POA_01\" data-e-action-hash=\"#elementor-action%3Aaction%3Dlightbox%26settings%3DeyJpZCI6NTI5OSwidXJsIjoiaHR0cHM6XC9cL3d3dy5jZXRhcC5vcmcuYnJcL3NpdGVcL3dwLWNvbnRlbnRcL3VwbG9hZHNcLzIwMjRcLzEyXC9FbmNoZW50ZXMtYWxpbWVudG9zLVBPQV8wMS5qcGciLCJzbGlkZXNob3ciOiI1MjA4NjE4In0%3D\">\n\t\t\t\t\t<div class=\"e-gallery-image elementor-gallery-item__image\" data-thumbnail=\"https:\/\/www.cetap.org.br\/site\/wp-content\/uploads\/2024\/12\/Enchentes-alimentos-POA_01-282x300.jpg\" data-width=\"282\" data-height=\"300\" aria-label=\"\" role=\"img\" ><\/div>\n\t\t\t\t\t\t\t\t\t\t\t<div class=\"elementor-gallery-item__overlay\"><\/div>\n\t\t\t\t\t\t\t\t\t\t\t\t\t\t<\/a>\n\t\t\t\t\t\t\t<a class=\"e-gallery-item elementor-gallery-item elementor-animated-content\" href=\"https:\/\/www.cetap.org.br\/site\/wp-content\/uploads\/2024\/12\/Enchentes-alimentos-POA_02.jpg\" data-elementor-open-lightbox=\"yes\" data-elementor-lightbox-slideshow=\"5208618\" data-elementor-lightbox-title=\"Enchentes-alimentos-POA_02\" data-e-action-hash=\"#elementor-action%3Aaction%3Dlightbox%26settings%3DeyJpZCI6NTMwMCwidXJsIjoiaHR0cHM6XC9cL3d3dy5jZXRhcC5vcmcuYnJcL3NpdGVcL3dwLWNvbnRlbnRcL3VwbG9hZHNcLzIwMjRcLzEyXC9FbmNoZW50ZXMtYWxpbWVudG9zLVBPQV8wMi5qcGciLCJzbGlkZXNob3ciOiI1MjA4NjE4In0%3D\">\n\t\t\t\t\t<div class=\"e-gallery-image elementor-gallery-item__image\" data-thumbnail=\"https:\/\/www.cetap.org.br\/site\/wp-content\/uploads\/2024\/12\/Enchentes-alimentos-POA_02-282x300.jpg\" data-width=\"282\" data-height=\"300\" aria-label=\"\" role=\"img\" ><\/div>\n\t\t\t\t\t\t\t\t\t\t\t<div class=\"elementor-gallery-item__overlay\"><\/div>\n\t\t\t\t\t\t\t\t\t\t\t\t\t\t<\/a>\n\t\t\t\t\t\t\t<a class=\"e-gallery-item elementor-gallery-item elementor-animated-content\" href=\"https:\/\/www.cetap.org.br\/site\/wp-content\/uploads\/2024\/12\/Enchentes-alimentos-POA_03.jpg\" data-elementor-open-lightbox=\"yes\" data-elementor-lightbox-slideshow=\"5208618\" data-elementor-lightbox-title=\"Enchentes-alimentos-POA_03\" data-e-action-hash=\"#elementor-action%3Aaction%3Dlightbox%26settings%3DeyJpZCI6NTMwMSwidXJsIjoiaHR0cHM6XC9cL3d3dy5jZXRhcC5vcmcuYnJcL3NpdGVcL3dwLWNvbnRlbnRcL3VwbG9hZHNcLzIwMjRcLzEyXC9FbmNoZW50ZXMtYWxpbWVudG9zLVBPQV8wMy5qcGciLCJzbGlkZXNob3ciOiI1MjA4NjE4In0%3D\">\n\t\t\t\t\t<div class=\"e-gallery-image elementor-gallery-item__image\" data-thumbnail=\"https:\/\/www.cetap.org.br\/site\/wp-content\/uploads\/2024\/12\/Enchentes-alimentos-POA_03-282x300.jpg\" data-width=\"282\" data-height=\"300\" aria-label=\"\" role=\"img\" ><\/div>\n\t\t\t\t\t\t\t\t\t\t\t<div class=\"elementor-gallery-item__overlay\"><\/div>\n\t\t\t\t\t\t\t\t\t\t\t\t\t\t<\/a>\n\t\t\t\t\t\t\t<a class=\"e-gallery-item elementor-gallery-item elementor-animated-content\" href=\"https:\/\/www.cetap.org.br\/site\/wp-content\/uploads\/2024\/12\/Enchentes-alimentos-POA_04.jpg\" data-elementor-open-lightbox=\"yes\" data-elementor-lightbox-slideshow=\"5208618\" data-elementor-lightbox-title=\"Enchentes-alimentos-POA_04\" data-e-action-hash=\"#elementor-action%3Aaction%3Dlightbox%26settings%3DeyJpZCI6NTMwMiwidXJsIjoiaHR0cHM6XC9cL3d3dy5jZXRhcC5vcmcuYnJcL3NpdGVcL3dwLWNvbnRlbnRcL3VwbG9hZHNcLzIwMjRcLzEyXC9FbmNoZW50ZXMtYWxpbWVudG9zLVBPQV8wNC5qcGciLCJzbGlkZXNob3ciOiI1MjA4NjE4In0%3D\">\n\t\t\t\t\t<div class=\"e-gallery-image elementor-gallery-item__image\" data-thumbnail=\"https:\/\/www.cetap.org.br\/site\/wp-content\/uploads\/2024\/12\/Enchentes-alimentos-POA_04-300x194.jpg\" data-width=\"300\" data-height=\"194\" aria-label=\"\" role=\"img\" ><\/div>\n\t\t\t\t\t\t\t\t\t\t\t<div class=\"elementor-gallery-item__overlay\"><\/div>\n\t\t\t\t\t\t\t\t\t\t\t\t\t\t<\/a>\n\t\t\t\t\t\t\t<a class=\"e-gallery-item elementor-gallery-item elementor-animated-content\" href=\"https:\/\/www.cetap.org.br\/site\/wp-content\/uploads\/2024\/12\/Enchentes-alimentos-POA_05.jpg\" data-elementor-open-lightbox=\"yes\" data-elementor-lightbox-slideshow=\"5208618\" data-elementor-lightbox-title=\"Enchentes-alimentos-POA_05\" data-e-action-hash=\"#elementor-action%3Aaction%3Dlightbox%26settings%3DeyJpZCI6NTMwMywidXJsIjoiaHR0cHM6XC9cL3d3dy5jZXRhcC5vcmcuYnJcL3NpdGVcL3dwLWNvbnRlbnRcL3VwbG9hZHNcLzIwMjRcLzEyXC9FbmNoZW50ZXMtYWxpbWVudG9zLVBPQV8wNS5qcGciLCJzbGlkZXNob3ciOiI1MjA4NjE4In0%3D\">\n\t\t\t\t\t<div class=\"e-gallery-image elementor-gallery-item__image\" data-thumbnail=\"https:\/\/www.cetap.org.br\/site\/wp-content\/uploads\/2024\/12\/Enchentes-alimentos-POA_05-300x194.jpg\" data-width=\"300\" data-height=\"194\" aria-label=\"\" role=\"img\" ><\/div>\n\t\t\t\t\t\t\t\t\t\t\t<div class=\"elementor-gallery-item__overlay\"><\/div>\n\t\t\t\t\t\t\t\t\t\t\t\t\t\t<\/a>\n\t\t\t\t\t\t\t<a class=\"e-gallery-item elementor-gallery-item elementor-animated-content\" href=\"https:\/\/www.cetap.org.br\/site\/wp-content\/uploads\/2024\/12\/Enchentes-alimentos-POA_06.jpg\" data-elementor-open-lightbox=\"yes\" data-elementor-lightbox-slideshow=\"5208618\" data-elementor-lightbox-title=\"Enchentes-alimentos-POA_06\" data-e-action-hash=\"#elementor-action%3Aaction%3Dlightbox%26settings%3DeyJpZCI6NTMwNCwidXJsIjoiaHR0cHM6XC9cL3d3dy5jZXRhcC5vcmcuYnJcL3NpdGVcL3dwLWNvbnRlbnRcL3VwbG9hZHNcLzIwMjRcLzEyXC9FbmNoZW50ZXMtYWxpbWVudG9zLVBPQV8wNi5qcGciLCJzbGlkZXNob3ciOiI1MjA4NjE4In0%3D\">\n\t\t\t\t\t<div class=\"e-gallery-image elementor-gallery-item__image\" data-thumbnail=\"https:\/\/www.cetap.org.br\/site\/wp-content\/uploads\/2024\/12\/Enchentes-alimentos-POA_06-300x194.jpg\" data-width=\"300\" data-height=\"194\" aria-label=\"\" role=\"img\" ><\/div>\n\t\t\t\t\t\t\t\t\t\t\t<div class=\"elementor-gallery-item__overlay\"><\/div>\n\t\t\t\t\t\t\t\t\t\t\t\t\t\t<\/a>\n\t\t\t\t\t<\/div>\n\t\t\t\t\t<\/div>\n\t\t\t\t<\/div>\n\t\t\t\t\t<\/div>\n\t\t<\/div>\n\t\t\t\t\t<\/div>\n\t\t<\/section>\n\t\t\t\t<\/div>\n\t\t","protected":false},"excerpt":{"rendered":"<p>Campanha de apoio aos atingidos pela cat\u00e1strofe ambiental no RS em 2024 O Centro de Tecnologias Alternativas Populares (CETAP) coordenou uma campanha promovida em conjunto pela Cadeia Produtiva Solid\u00e1ria das Frutas Nativas do RS (CPSFN) e pela Rede Ecovida de Agroecologia, em apoio \u00e0s pessoas e comunidade atingidas pelas enchentes no Rio Grande do Sul,30<\/p>\n","protected":false},"author":1,"featured_media":5302,"parent":0,"menu_order":0,"comment_status":"closed","ping_status":"closed","template":"page-fullwidth.php","meta":{"footnotes":""},"class_list":["post-5298","page","type-page","status-publish","has-post-thumbnail","hentry"],"_links":{"self":[{"href":"https:\/\/www.cetap.org.br\/site\/wp-json\/wp\/v2\/pages\/5298","targetHints":{"allow":["GET"]}}],"collection":[{"href":"https:\/\/www.cetap.org.br\/site\/wp-json\/wp\/v2\/pages"}],"about":[{"href":"https:\/\/www.cetap.org.br\/site\/wp-json\/wp\/v2\/types\/page"}],"author":[{"embeddable":true,"href":"https:\/\/www.cetap.org.br\/site\/wp-json\/wp\/v2\/users\/1"}],"replies":[{"embeddable":true,"href":"https:\/\/www.cetap.org.br\/site\/wp-json\/wp\/v2\/comments?post=5298"}],"version-history":[{"count":21,"href":"https:\/\/www.cetap.org.br\/site\/wp-json\/wp\/v2\/pages\/5298\/revisions"}],"predecessor-version":[{"id":5338,"href":"https:\/\/www.cetap.org.br\/site\/wp-json\/wp\/v2\/pages\/5298\/revisions\/5338"}],"wp:featuredmedia":[{"embeddable":true,"href":"https:\/\/www.cetap.org.br\/site\/wp-json\/wp\/v2\/media\/5302"}],"wp:attachment":[{"href":"https:\/\/www.cetap.org.br\/site\/wp-json\/wp\/v2\/media?parent=5298"}],"curies":[{"name":"wp","href":"https:\/\/api.w.org\/{rel}","templated":true}]}}