{"id":5270,"date":"2024-12-16T14:49:25","date_gmt":"2024-12-16T17:49:25","guid":{"rendered":"https:\/\/www.cetap.org.br\/site\/?page_id=5270"},"modified":"2025-12-04T10:00:57","modified_gmt":"2025-12-04T13:00:57","slug":"transparencia","status":"publish","type":"page","link":"https:\/\/www.cetap.org.br\/site\/transparencia\/","title":{"rendered":"Transpar\u00eancia e acesso \u00e0 informa\u00e7\u00e3o"},"content":{"rendered":"\t\t<div data-elementor-type=\"wp-page\" data-elementor-id=\"5270\" class=\"elementor elementor-5270\" data-elementor-post-type=\"page\">\n\t\t\t\t\t\t<section class=\"elementor-section elementor-top-section elementor-element elementor-element-4a2d55e1 elementor-section-boxed elementor-section-height-default elementor-section-height-default\" data-id=\"4a2d55e1\" data-element_type=\"section\" data-e-type=\"section\">\n\t\t\t\t\t\t<div class=\"elementor-container elementor-column-gap-default\">\n\t\t\t\t\t<div class=\"elementor-column elementor-col-100 elementor-top-column elementor-element elementor-element-1d168dab\" data-id=\"1d168dab\" data-element_type=\"column\" data-e-type=\"column\">\n\t\t\t<div class=\"elementor-widget-wrap elementor-element-populated\">\n\t\t\t\t\t\t<div class=\"elementor-element elementor-element-3fd327f2 elementor-widget elementor-widget-text-editor\" data-id=\"3fd327f2\" data-element_type=\"widget\" data-e-type=\"widget\" data-widget_type=\"text-editor.default\">\n\t\t\t\t<div class=\"elementor-widget-container\">\n\t\t\t\t\t\t\t\t\t<h2 class=\"wp-block-heading\">Transpar\u00eancia e acesso \u00e0 informa\u00e7\u00e3o<\/h2>\n<p><!-- \/wp:heading --><!-- wp:paragraph {\"style\":{\"elements\":{\"link\":{\"color\":{\"text\":\"var:preset|color|black\"}}},\"typography\":{\"fontSize\":\"18px\"}},\"textColor\":\"black\"} --><\/p>\n<p>O CETAP &#8211; Centro de Tecnologias Alternativas Populares \u00e9 uma organiza\u00e7\u00e3o da sociedade civil, filantr\u00f3pica, sem fins lucrativos, dedicada \u00e0 promo\u00e7\u00e3o da agricultura familiar e da agroecologia. Como uma organiza\u00e7\u00e3o sem fins lucrativos, o CETAP direciona todos os recursos captados para o desenvolvimento de seus projetos e para o alcance de seus objetivos sociais e ambientais.<\/p>\n<h3>Como mantemos nosso trabalho?<\/h3>\n<p>Para realizar suas atividades, o CETAP conta com a colabora\u00e7\u00e3o de diversos parceiros e a capta\u00e7\u00e3o de recursos atrav\u00e9s de diferentes fontes:<\/p>\n<ul>\n<li><strong>Parcerias com organiza\u00e7\u00f5es privadas<\/strong>: a parceria com empresas socialmente respons\u00e1veis e funda\u00e7\u00f5es nos permite implementar projetos que beneficiam toda a sociedade.<\/li>\n<li><strong>Projetos de coopera\u00e7\u00e3o internacional<\/strong>: atrav\u00e9s da coopera\u00e7\u00e3o com organiza\u00e7\u00f5es internacionais, conseguimos acessar recursos para complementar nossas a\u00e7\u00f5es e fortalecer a troca de experi\u00eancias.<\/li>\n<li><strong>Doa\u00e7\u00f5es<\/strong> de pessoas f\u00edsicas e jur\u00eddicas.<\/li>\n<li><strong>Parcerias com entidades p\u00fablicas<\/strong>: atrav\u00e9s de conv\u00eanios com governos municipais, estaduais e federal, conseguimos desenvolver projetos que beneficiam diretamente fam\u00edlias agricultoras, suas comunidades e tamb\u00e9m consumidores urbanos.<br \/><br \/><\/li>\n<\/ul>\n<div><hr \/><\/div>\n<p><!-- \/wp:paragraph --><\/p>\t\t\t\t\t\t\t\t<\/div>\n\t\t\t\t<\/div>\n\t\t\t\t<div class=\"elementor-element elementor-element-bce2613 elementor-widget elementor-widget-text-editor\" data-id=\"bce2613\" data-element_type=\"widget\" data-e-type=\"widget\" data-widget_type=\"text-editor.default\">\n\t\t\t\t<div class=\"elementor-widget-container\">\n\t\t\t\t\t\t\t\t\t<p>No ano de 2025, estamos executando <strong>dois projetos em parceria com o Minist\u00e9rio do Desenvolvimento Agr\u00e1rio e Agricultura Familiar \u2013 MDA<\/strong>, do Governo Federal. Em aten\u00e7\u00e3o ao que determina a Lei n\u00ba 13.019, de 31 de julho de 2014 e a decis\u00e3o do Supremo Tribunal Federal (ADPF) 854\/DF, divulgamos abaixo as informa\u00e7\u00f5es referentes \u00e0s parcerias celebradas com a administra\u00e7\u00e3o p\u00fablica:<\/p>\n<blockquote>\n<p><b>Termo de Fomento n\u00ba 969026\/2024<br \/><\/b><span style=\"font-weight: var( --e-global-typography-text-font-weight );\">O Centro de Tecnologias Alternativas Populares \u2013 CETAP (CNPJ 90.617.788\/0001-72), por meio do Termo de Fomento n\u00ba 969026\/2024, decorrente da Emenda Parlamentar n\u00ba 2024 &#8211; 42950013, assinado em 20 de dezembro de 2024, por interm\u00e9dio do Minist\u00e9rio do Desenvolvimento Agr\u00e1rio e Agricultura Familiar (MDA), recebeu R$ 500.000,00 para a aquisi\u00e7\u00e3o de ve\u00edculo de transporte e equipamentos para a qualifica\u00e7\u00e3o dos processos produtivos, a partir da melhoria das condi\u00e7\u00f5es de log\u00edstica, armazenamento, pr\u00e9-processamento, embalagem, acondicionamento e comercializa\u00e7\u00e3o, gerando renda \u00e0s fam\u00edlias envolvidas.<br \/><br \/>Os recursos foram liberados em parcela \u00fanica, em conformidade com o Cronograma de Desembolso e visam \u00e0 consecu\u00e7\u00e3o de finalidade de interesse p\u00fablico e rec\u00edproco, conforme especifica\u00e7\u00f5es estabelecidas no plano de trabalho. O prazo de vig\u00eancia deste Termo de Fomento \u00e9 de 12 (doze) meses, a partir da data de assinatura.<br \/><br \/>Atualmente, informamos que a execu\u00e7\u00e3o f\u00edsica do Plano de Trabalho original foi conclu\u00edda com \u00eaxito, com a aquisi\u00e7\u00e3o integral de todos os itens previstos. Nesta etapa final, a entidade realiza os tr\u00e2mites de readequa\u00e7\u00e3o or\u00e7ament\u00e1ria para a utiliza\u00e7\u00e3o dos saldos remanescentes e rendimentos de aplica\u00e7\u00e3o financeira. Estes recursos residuais ser\u00e3o destinados \u00e0 compra de equipamentos complementares, ampliando os benef\u00edcios do projeto e assegurando o pleno aproveitamento da verba p\u00fablica.<\/span><\/p>\n<\/blockquote>\n<blockquote>\n<p><b>Termo de Fomento n\u00ba 956818\/2024<br \/><\/b><span style=\"font-weight: var( --e-global-typography-text-font-weight );\">O Centro de Tecnologias Alternativas Populares \u2013 CETAP (CNPJ 90.617.788\/0001-72), por meio do Termo de Fomento n\u00ba 956818\/2024, decorrente da Emenda Parlamentar n\u00ba 2024-19830022, assinado em 26 de dezembro de 2024, por interm\u00e9dio do Minist\u00e9rio do Desenvolvimento Agr\u00e1rio e Agricultura Familiar (MDA), recebeu R$ 200.000,00 para a aquisi\u00e7\u00e3o de bens, carro e equipamentos, para qualifica\u00e7\u00e3o dos processos produtivos a partir da melhoria das condi\u00e7\u00f5es de log\u00edstica, armazenamento, transforma\u00e7\u00e3o, acondicionamento e comercializa\u00e7\u00e3o de produtos da sociobiodiversidade nativa no \u00e2mbito da Cadeia Produtiva Solid\u00e1ria das Frutas Nativas do Rio Grande do Sul, como meio de estimular e fortalecer as pr\u00e1ticas de extrativismo sustent\u00e1vel junto \u00e0 fam\u00edlias agricultoras, grupos e empreendimentos urbanos de processamento e comercializa\u00e7\u00e3o, associados ao movimento de Economia Solid\u00e1ria.<br \/><br \/>Os recursos foram liberados em parcela \u00fanica, em conformidade com o Cronograma de Desembolso e visam \u00e0 consecu\u00e7\u00e3o de finalidade de interesse p\u00fablico e rec\u00edproco, conforme especifica\u00e7\u00f5es estabelecidas no plano de trabalho. O prazo de vig\u00eancia deste Termo de Fomento \u00e9 de 12 (doze) meses, a partir da data de assinatura.<br \/><br \/>Atualmente, informamos que a execu\u00e7\u00e3o f\u00edsica do Plano de Trabalho original foi conclu\u00edda com \u00eaxito, com a aquisi\u00e7\u00e3o integral de todos os itens previstos. Nesta etapa final, a entidade realiza os tr\u00e2mites de readequa\u00e7\u00e3o or\u00e7ament\u00e1ria para a utiliza\u00e7\u00e3o dos saldos remanescentes e rendimentos de aplica\u00e7\u00e3o financeira. Estes recursos residuais ser\u00e3o destinados \u00e0 compra de equipamentos complementares, ampliando os benef\u00edcios do projeto e assegurando o pleno aproveitamento da verba p\u00fablica.<\/span><\/p>\n<\/blockquote>\t\t\t\t\t\t\t\t<\/div>\n\t\t\t\t<\/div>\n\t\t\t\t\t<\/div>\n\t\t<\/div>\n\t\t\t\t\t<\/div>\n\t\t<\/section>\n\t\t\t\t<section class=\"elementor-section elementor-top-section elementor-element elementor-element-6b25878 elementor-section-boxed elementor-section-height-default elementor-section-height-default\" data-id=\"6b25878\" data-element_type=\"section\" data-e-type=\"section\">\n\t\t\t\t\t\t<div class=\"elementor-container elementor-column-gap-default\">\n\t\t\t\t\t<div class=\"elementor-column elementor-col-100 elementor-top-column elementor-element elementor-element-936a05e\" data-id=\"936a05e\" data-element_type=\"column\" data-e-type=\"column\">\n\t\t\t<div class=\"elementor-widget-wrap elementor-element-populated\">\n\t\t\t\t\t\t<div class=\"elementor-element elementor-element-5d03181 elementor-widget-divider--view-line elementor-widget elementor-widget-divider\" data-id=\"5d03181\" data-element_type=\"widget\" data-e-type=\"widget\" data-widget_type=\"divider.default\">\n\t\t\t\t<div class=\"elementor-widget-container\">\n\t\t\t\t\t\t\t<div class=\"elementor-divider\">\n\t\t\t<span class=\"elementor-divider-separator\">\n\t\t\t\t\t\t<\/span>\n\t\t<\/div>\n\t\t\t\t\t\t<\/div>\n\t\t\t\t<\/div>\n\t\t\t\t\t<\/div>\n\t\t<\/div>\n\t\t\t\t\t<\/div>\n\t\t<\/section>\n\t\t\t\t<section class=\"elementor-section elementor-top-section elementor-element elementor-element-7253182 elementor-section-boxed elementor-section-height-default elementor-section-height-default\" data-id=\"7253182\" data-element_type=\"section\" data-e-type=\"section\">\n\t\t\t\t\t\t<div class=\"elementor-container elementor-column-gap-default\">\n\t\t\t\t\t<div class=\"elementor-column elementor-col-50 elementor-top-column elementor-element elementor-element-3218083\" data-id=\"3218083\" data-element_type=\"column\" data-e-type=\"column\">\n\t\t\t<div class=\"elementor-widget-wrap elementor-element-populated\">\n\t\t\t\t\t\t<div class=\"elementor-element elementor-element-c6ac5c7 elementor-cta--skin-classic elementor-animated-content elementor-bg-transform elementor-bg-transform-zoom-in elementor-widget elementor-widget-call-to-action\" data-id=\"c6ac5c7\" data-element_type=\"widget\" data-e-type=\"widget\" data-widget_type=\"call-to-action.default\">\n\t\t\t\t<div class=\"elementor-widget-container\">\n\t\t\t\t\t\t\t<div class=\"elementor-cta\">\n\t\t\t\t\t<div class=\"elementor-cta__bg-wrapper\">\n\t\t\t\t<div class=\"elementor-cta__bg elementor-bg\" style=\"background-image: url(https:\/\/www.cetap.org.br\/site\/wp-content\/uploads\/2024\/12\/Enchentes-alimentos-POA_04-1024x664.jpg);\" role=\"img\" aria-label=\"Enchentes-alimentos-POA_04\"><\/div>\n\t\t\t\t<div class=\"elementor-cta__bg-overlay\"><\/div>\n\t\t\t<\/div>\n\t\t\t\t\t\t\t<div class=\"elementor-cta__content\">\n\t\t\t\t\n\t\t\t\t\t\t\t\t\t<h2 class=\"elementor-cta__title elementor-cta__content-item elementor-content-item\">\n\t\t\t\t\t\tPresta\u00e7\u00e3o de contas das doa\u00e7\u00f5es da Campanha de apoio aos atingidos pela cat\u00e1strofe ambiental no RS em 2024\t\t\t\t\t<\/h2>\n\t\t\t\t\n\t\t\t\t\t\t\t\t\t<div class=\"elementor-cta__description elementor-cta__content-item elementor-content-item\">\n\t\t\t\t\t\tConfira o resultado da a\u00e7\u00e3o desenvolvida a partir da arrecada\u00e7\u00e3o de doa\u00e7\u00f5es de pessoas f\u00edsicas e jur\u00eddicas, feitas diretamente na conta banc\u00e1ria do CETAP, criada para este fim.\t\t\t\t\t<\/div>\n\t\t\t\t\n\t\t\t\t\t\t\t\t\t<div class=\"elementor-cta__button-wrapper elementor-cta__content-item elementor-content-item \">\n\t\t\t\t\t<a class=\"elementor-cta__button elementor-button elementor-size-\" href=\"https:\/\/www.cetap.org.br\/site\/campanha-enchentes-2024\/\">\n\t\t\t\t\t\tClique aqui\t\t\t\t\t<\/a>\n\t\t\t\t\t<\/div>\n\t\t\t\t\t\t\t<\/div>\n\t\t\t\t\t\t<\/div>\n\t\t\t\t\t\t<\/div>\n\t\t\t\t<\/div>\n\t\t\t\t\t<\/div>\n\t\t<\/div>\n\t\t\t\t<div class=\"elementor-column elementor-col-50 elementor-top-column elementor-element elementor-element-2fb0bfb\" data-id=\"2fb0bfb\" data-element_type=\"column\" data-e-type=\"column\">\n\t\t\t<div class=\"elementor-widget-wrap\">\n\t\t\t\t\t\t\t<\/div>\n\t\t<\/div>\n\t\t\t\t\t<\/div>\n\t\t<\/section>\n\t\t\t\t<\/div>\n\t\t","protected":false},"excerpt":{"rendered":"<p>Transpar\u00eancia e acesso \u00e0 informa\u00e7\u00e3o O CETAP &#8211; Centro de Tecnologias Alternativas Populares \u00e9 uma organiza\u00e7\u00e3o da sociedade civil, filantr\u00f3pica, sem fins lucrativos, dedicada \u00e0 promo\u00e7\u00e3o da agricultura familiar e da agroecologia. Como uma organiza\u00e7\u00e3o sem fins lucrativos, o CETAP direciona todos os recursos captados para o desenvolvimento de seus projetos e para o alcance30<\/p>\n","protected":false},"author":1,"featured_media":5271,"parent":0,"menu_order":0,"comment_status":"closed","ping_status":"closed","template":"page-fullwidth.php","meta":{"footnotes":""},"class_list":["post-5270","page","type-page","status-publish","has-post-thumbnail","hentry"],"_links":{"self":[{"href":"https:\/\/www.cetap.org.br\/site\/wp-json\/wp\/v2\/pages\/5270","targetHints":{"allow":["GET"]}}],"collection":[{"href":"https:\/\/www.cetap.org.br\/site\/wp-json\/wp\/v2\/pages"}],"about":[{"href":"https:\/\/www.cetap.org.br\/site\/wp-json\/wp\/v2\/types\/page"}],"author":[{"embeddable":true,"href":"https:\/\/www.cetap.org.br\/site\/wp-json\/wp\/v2\/users\/1"}],"replies":[{"embeddable":true,"href":"https:\/\/www.cetap.org.br\/site\/wp-json\/wp\/v2\/comments?post=5270"}],"version-history":[{"count":29,"href":"https:\/\/www.cetap.org.br\/site\/wp-json\/wp\/v2\/pages\/5270\/revisions"}],"predecessor-version":[{"id":5671,"href":"https:\/\/www.cetap.org.br\/site\/wp-json\/wp\/v2\/pages\/5270\/revisions\/5671"}],"wp:featuredmedia":[{"embeddable":true,"href":"https:\/\/www.cetap.org.br\/site\/wp-json\/wp\/v2\/media\/5271"}],"wp:attachment":[{"href":"https:\/\/www.cetap.org.br\/site\/wp-json\/wp\/v2\/media?parent=5270"}],"curies":[{"name":"wp","href":"https:\/\/api.w.org\/{rel}","templated":true}]}}