{"id":48,"date":"2015-10-02T07:00:36","date_gmt":"2015-10-02T10:00:36","guid":{"rendered":"http:\/\/www.cetap.org.br\/site\/?page_id=48"},"modified":"2022-06-15T10:32:46","modified_gmt":"2022-06-15T13:32:46","slug":"publico","status":"publish","type":"page","link":"https:\/\/www.cetap.org.br\/site\/publico\/","title":{"rendered":"P\u00fablico"},"content":{"rendered":"<p>O p\u00fablico principal de atua\u00e7\u00e3o \u00e9 composto por pequenos agricultores e agricultoras familiares e camponeses, agricultores assentados, pessoas e organiza\u00e7\u00f5es urbanas que dialogam com a Economia Solid\u00e1ria.<\/p>\n<p>A atua\u00e7\u00e3o \u00e9 realizada prioritariamente nas regi\u00f5es Norte e Campos de Cima da Serra do Rio Grande do Sul, mas existem projetos que abrangem diferentes regi\u00f5es do estado. Para facilitar o contato e aproximar a entidade do seu p\u00fablico, o CETAP mant\u00e9m uma estrutura descentralizada, com escrit\u00f3rios em diferentes munic\u00edpios ga\u00fachos:<\/p>\n<blockquote><p><strong>Passo Fundo \u2013 RS (secretaria geral)<\/strong><br \/>\n(54) 3313-3611 | Cel: (54) 9629-5090<br \/>\nE-mail: contato@cetap.org.br<\/p>\n<p><strong>Erechim<\/strong><br \/>\n(54) 9609-4168<\/p>\n<p><strong>Sananduva<\/strong><br \/>\nCel: (54) 9629-5069<\/p>\n<p><strong>Vacaria<\/strong><br \/>\n(54) 9664-5179<\/p><\/blockquote>\n","protected":false},"excerpt":{"rendered":"<p>O p\u00fablico principal de atua\u00e7\u00e3o \u00e9 composto por pequenos agricultores e agricultoras familiares e camponeses, agricultores assentados, pessoas e organiza\u00e7\u00f5es urbanas que dialogam com a Economia Solid\u00e1ria. A atua\u00e7\u00e3o \u00e9 realizada prioritariamente nas regi\u00f5es Norte e Campos de Cima da Serra do Rio Grande do Sul, mas existem projetos que abrangem diferentes regi\u00f5es do estado.30<\/p>\n","protected":false},"author":1,"featured_media":105,"parent":0,"menu_order":0,"comment_status":"closed","ping_status":"closed","template":"page-fullwidth.php","meta":{"footnotes":""},"class_list":["post-48","page","type-page","status-publish","has-post-thumbnail","hentry"],"_links":{"self":[{"href":"https:\/\/www.cetap.org.br\/site\/wp-json\/wp\/v2\/pages\/48","targetHints":{"allow":["GET"]}}],"collection":[{"href":"https:\/\/www.cetap.org.br\/site\/wp-json\/wp\/v2\/pages"}],"about":[{"href":"https:\/\/www.cetap.org.br\/site\/wp-json\/wp\/v2\/types\/page"}],"author":[{"embeddable":true,"href":"https:\/\/www.cetap.org.br\/site\/wp-json\/wp\/v2\/users\/1"}],"replies":[{"embeddable":true,"href":"https:\/\/www.cetap.org.br\/site\/wp-json\/wp\/v2\/comments?post=48"}],"version-history":[{"count":6,"href":"https:\/\/www.cetap.org.br\/site\/wp-json\/wp\/v2\/pages\/48\/revisions"}],"predecessor-version":[{"id":3057,"href":"https:\/\/www.cetap.org.br\/site\/wp-json\/wp\/v2\/pages\/48\/revisions\/3057"}],"wp:featuredmedia":[{"embeddable":true,"href":"https:\/\/www.cetap.org.br\/site\/wp-json\/wp\/v2\/media\/105"}],"wp:attachment":[{"href":"https:\/\/www.cetap.org.br\/site\/wp-json\/wp\/v2\/media?parent=48"}],"curies":[{"name":"wp","href":"https:\/\/api.w.org\/{rel}","templated":true}]}}