{"id":37,"date":"2015-10-02T06:46:07","date_gmt":"2015-10-02T09:46:07","guid":{"rendered":"http:\/\/www.cetap.org.br\/site\/?page_id=37"},"modified":"2019-09-02T17:43:19","modified_gmt":"2019-09-02T20:43:19","slug":"missao-e-objetivos","status":"publish","type":"page","link":"https:\/\/www.cetap.org.br\/site\/missao-e-objetivos\/","title":{"rendered":"Miss\u00e3o e Objetivos"},"content":{"rendered":"<h3><strong>MISS\u00c3O<\/strong><\/h3>\n<blockquote><p>A miss\u00e3o institucional do CETAP \u00e9 contribuir para a afirma\u00e7\u00e3o da agricultura familiar e suas organiza\u00e7\u00f5es, particularmente atuando na constru\u00e7\u00e3o da agricultura sustent\u00e1vel com base em princ\u00edpios agroecol\u00f3gicos.<\/p><\/blockquote>\n<h3><strong>OBJETIVOS<\/p>\n<p><\/strong><\/h3>\n<h4>Objetivos Gerais da Entidade<\/h4>\n<p style=\"padding-left: 30px;\">1) Colaborar no desenvolvimento e implanta\u00e7\u00e3o de uma nova agricultura, adequada \u00e0s condi\u00e7\u00f5es socioculturais, econ\u00f4micas e ecol\u00f3gicas, visando eliminar os problemas sociais e ambientais causados pelas formas atuais do processo produtivo agroqu\u00edmico.<\/p>\n<p style=\"padding-left: 30px;\">2) Desenvolver e fomentar o uso de tecnologias com princ\u00edpios agroecol\u00f3gicos, especialmente para a agricultura familiar e camponesa, atrav\u00e9s da experimenta\u00e7\u00e3o, demonstra\u00e7\u00e3o, forma\u00e7\u00e3o e pesquisa-a\u00e7\u00e3o.<\/p>\n<p style=\"padding-left: 30px;\">3) Desenvolver atividades de forma\u00e7\u00e3o t\u00e9cnica, socioambiental, de car\u00e1ter educacional e\/ou cultural visando o desenvolvimento sustent\u00e1vel.<\/p>\n<p style=\"padding-left: 30px;\">4) Prestar servi\u00e7o de ATER &#8211; Assist\u00eancia T\u00e9cnica e Extens\u00e3o Rural.<\/p>\n<h4>Objetivos Espec\u00edficos da Entidade:<\/h4>\n<ol>\n<li>Resgatar tecnologias e experi\u00eancias utilizadas pelos agricultores e agricultoras valorizando-as e difundindo-as, buscando seu aperfei\u00e7oamento para uma a produ\u00e7\u00e3o de alimentos voltada para a preserva\u00e7\u00e3o ambiental.<\/li>\n<li>Possibilitar, atrav\u00e9s de cursos, interc\u00e2mbio e eventos, a forma\u00e7\u00e3o e capacita\u00e7\u00e3o de agricultores e agricultoras, t\u00e9cnicos e t\u00e9cnicas, nas \u00e1reas de tecnologias alternativas, socioecon\u00f4mica, economia solid\u00e1ria e desenvolvimento sustent\u00e1vel.<\/li>\n<li>Prestar assessoria a comunidades e associa\u00e7\u00f5es de agricultores na organiza\u00e7\u00e3o do trabalho, produ\u00e7\u00e3o, industrializa\u00e7\u00e3o dos produtos, comercializa\u00e7\u00e3o e gera\u00e7\u00e3o de credibilidade nos processos produtivos agroecol\u00f3gicos.<\/li>\n<li>Prestar servi\u00e7os de educa\u00e7\u00e3o e assist\u00eancia, especialmente nos espa\u00e7os onde se encontram os setores carentes da sociedade.<\/li>\n<li>Reduzir o custo da produ\u00e7\u00e3o de alimentos, melhorar sua qualidade biol\u00f3gica e facilitar o processo de abastecimento alimentar.<\/li>\n<li>Sistematizar e divulgar \u00e0 sociedade os resultados do trabalho desenvolvido.<\/li>\n<li>Desenvolver e executar, em parceria com outras organiza\u00e7\u00f5es afins e \u00f3rg\u00e3os governamentais, projetos que atendam aos objetivos da Associa\u00e7\u00e3o.<\/li>\n<\/ol>\n","protected":false},"excerpt":{"rendered":"<p>MISS\u00c3O A miss\u00e3o institucional do CETAP \u00e9 contribuir para a afirma\u00e7\u00e3o da agricultura familiar e suas organiza\u00e7\u00f5es, particularmente atuando na constru\u00e7\u00e3o da agricultura sustent\u00e1vel com base em princ\u00edpios agroecol\u00f3gicos. OBJETIVOS Objetivos Gerais da Entidade 1) Colaborar no desenvolvimento e implanta\u00e7\u00e3o de uma nova agricultura, adequada \u00e0s condi\u00e7\u00f5es socioculturais, econ\u00f4micas e ecol\u00f3gicas, visando eliminar os problemas30<\/p>\n","protected":false},"author":1,"featured_media":39,"parent":0,"menu_order":0,"comment_status":"closed","ping_status":"closed","template":"page-fullwidth.php","meta":{"footnotes":""},"class_list":["post-37","page","type-page","status-publish","has-post-thumbnail","hentry"],"_links":{"self":[{"href":"https:\/\/www.cetap.org.br\/site\/wp-json\/wp\/v2\/pages\/37","targetHints":{"allow":["GET"]}}],"collection":[{"href":"https:\/\/www.cetap.org.br\/site\/wp-json\/wp\/v2\/pages"}],"about":[{"href":"https:\/\/www.cetap.org.br\/site\/wp-json\/wp\/v2\/types\/page"}],"author":[{"embeddable":true,"href":"https:\/\/www.cetap.org.br\/site\/wp-json\/wp\/v2\/users\/1"}],"replies":[{"embeddable":true,"href":"https:\/\/www.cetap.org.br\/site\/wp-json\/wp\/v2\/comments?post=37"}],"version-history":[{"count":4,"href":"https:\/\/www.cetap.org.br\/site\/wp-json\/wp\/v2\/pages\/37\/revisions"}],"predecessor-version":[{"id":1105,"href":"https:\/\/www.cetap.org.br\/site\/wp-json\/wp\/v2\/pages\/37\/revisions\/1105"}],"wp:featuredmedia":[{"embeddable":true,"href":"https:\/\/www.cetap.org.br\/site\/wp-json\/wp\/v2\/media\/39"}],"wp:attachment":[{"href":"https:\/\/www.cetap.org.br\/site\/wp-json\/wp\/v2\/media?parent=37"}],"curies":[{"name":"wp","href":"https:\/\/api.w.org\/{rel}","templated":true}]}}