{"id":34,"date":"2015-10-02T06:42:50","date_gmt":"2015-10-02T09:42:50","guid":{"rendered":"http:\/\/www.cetap.org.br\/site\/?page_id=34"},"modified":"2015-11-16T03:12:49","modified_gmt":"2015-11-16T05:12:49","slug":"historia","status":"publish","type":"page","link":"https:\/\/www.cetap.org.br\/site\/historia\/","title":{"rendered":"Hist\u00f3ria"},"content":{"rendered":"<p>O CETAP \u00e9 uma organiza\u00e7\u00e3o da sociedade civil, criada no ano de 1986. A sua cria\u00e7\u00e3o foi motivada pela percep\u00e7\u00e3o e necessidade de mudan\u00e7a de uma realidade na qual os problemas sociais na agricultura se tornavam cada vez mais graves. Tais problemas, associados \u00e0s quest\u00f5es ambientais de contamina\u00e7\u00e3o do solo, \u00e1gua, alimentos e dos trabalhadores rurais, assim como a eros\u00e3o gen\u00e9tica, fragilizavam os pequenos agricultores familiares e camponeses que, preocupados, buscaram na cria\u00e7\u00e3o do CETAP, um espa\u00e7o para a constru\u00e7\u00e3o de outra proposta tecnol\u00f3gica, de organiza\u00e7\u00e3o da produ\u00e7\u00e3o e de desenvolvimento rural.<\/p>\n<p>A entidade foi constitu\u00edda com a participa\u00e7\u00e3o de representantes de diversos segmentos sociais do meio rural. Uma Associa\u00e7\u00e3o foi criada para atuar no resgate, gera\u00e7\u00e3o e difus\u00e3o de tecnologias, visando a melhoria da qualidade de vida para os que produzem e os que consomem os alimentos, preservando os recursos naturais.<\/p>\n<p>Para realizar suas atividades, o CETAP possui uma equipe multidisciplinar de trabalho que realiza projetos com apoio de entidades de coopera\u00e7\u00e3o e similares (nacionais e internacionais) e com \u00f3rg\u00e3os p\u00fablicos municipais, estaduais e federais.<\/p>\n","protected":false},"excerpt":{"rendered":"<p>O CETAP \u00e9 uma organiza\u00e7\u00e3o da sociedade civil, criada no ano de 1986. A sua cria\u00e7\u00e3o foi motivada pela percep\u00e7\u00e3o e necessidade de mudan\u00e7a de uma realidade na qual os problemas sociais na agricultura se tornavam cada vez mais graves. Tais problemas, associados \u00e0s quest\u00f5es ambientais de contamina\u00e7\u00e3o do solo, \u00e1gua, alimentos e dos trabalhadores30<\/p>\n","protected":false},"author":1,"featured_media":35,"parent":0,"menu_order":0,"comment_status":"closed","ping_status":"closed","template":"page-fullwidth.php","meta":{"footnotes":""},"class_list":["post-34","page","type-page","status-publish","has-post-thumbnail","hentry"],"_links":{"self":[{"href":"https:\/\/www.cetap.org.br\/site\/wp-json\/wp\/v2\/pages\/34","targetHints":{"allow":["GET"]}}],"collection":[{"href":"https:\/\/www.cetap.org.br\/site\/wp-json\/wp\/v2\/pages"}],"about":[{"href":"https:\/\/www.cetap.org.br\/site\/wp-json\/wp\/v2\/types\/page"}],"author":[{"embeddable":true,"href":"https:\/\/www.cetap.org.br\/site\/wp-json\/wp\/v2\/users\/1"}],"replies":[{"embeddable":true,"href":"https:\/\/www.cetap.org.br\/site\/wp-json\/wp\/v2\/comments?post=34"}],"version-history":[{"count":1,"href":"https:\/\/www.cetap.org.br\/site\/wp-json\/wp\/v2\/pages\/34\/revisions"}],"predecessor-version":[{"id":36,"href":"https:\/\/www.cetap.org.br\/site\/wp-json\/wp\/v2\/pages\/34\/revisions\/36"}],"wp:featuredmedia":[{"embeddable":true,"href":"https:\/\/www.cetap.org.br\/site\/wp-json\/wp\/v2\/media\/35"}],"wp:attachment":[{"href":"https:\/\/www.cetap.org.br\/site\/wp-json\/wp\/v2\/media?parent=34"}],"curies":[{"name":"wp","href":"https:\/\/api.w.org\/{rel}","templated":true}]}}