{"id":31,"date":"2015-10-02T06:31:09","date_gmt":"2015-10-02T09:31:09","guid":{"rendered":"http:\/\/www.cetap.org.br\/site\/?page_id=31"},"modified":"2015-10-02T06:31:09","modified_gmt":"2015-10-02T09:31:09","slug":"quem-somos","status":"publish","type":"page","link":"https:\/\/www.cetap.org.br\/site\/quem-somos\/","title":{"rendered":"Quem somos"},"content":{"rendered":"<p>O CETAP \u00e9 uma organiza\u00e7\u00e3o da sociedade civil, sem fins lucrativos, criada por lideran\u00e7as de organiza\u00e7\u00f5es sociais e profissionais ligados \u00e0s tem\u00e1ticas da produ\u00e7\u00e3o de alimentos e da vida no meio rural.<\/p>\n<p>Somos uma entidade de assessoramento, que trabalha pela defesa e garantia de direitos, forma\u00e7\u00e3o, capacita\u00e7\u00e3o e promo\u00e7\u00e3o da cidadania, primando pela abertura de espa\u00e7os e oportunidades para o exerc\u00edcio da cidadania ativa e fortalecimento das organiza\u00e7\u00f5es sociais.<\/p>\n<p>Buscamos estimular o desenvolvimento de uma agricultura sustent\u00e1vel que se orienta nos princ\u00edpios da agroecologia e protagonismo de quem a realiza. Dedicamos especial aten\u00e7\u00e3o ao acompanhamento aos agricultores na produ\u00e7\u00e3o de alimentos com qualidade e diversidade para garantir a seguran\u00e7a alimentar e nutricional das pessoas.<\/p>\n","protected":false},"excerpt":{"rendered":"<p>O CETAP \u00e9 uma organiza\u00e7\u00e3o da sociedade civil, sem fins lucrativos, criada por lideran\u00e7as de organiza\u00e7\u00f5es sociais e profissionais ligados \u00e0s tem\u00e1ticas da produ\u00e7\u00e3o de alimentos e da vida no meio rural. Somos uma entidade de assessoramento, que trabalha pela defesa e garantia de direitos, forma\u00e7\u00e3o, capacita\u00e7\u00e3o e promo\u00e7\u00e3o da cidadania, primando pela abertura de30<\/p>\n","protected":false},"author":1,"featured_media":32,"parent":0,"menu_order":0,"comment_status":"closed","ping_status":"closed","template":"page-fullwidth.php","meta":{"footnotes":""},"class_list":["post-31","page","type-page","status-publish","has-post-thumbnail","hentry"],"_links":{"self":[{"href":"https:\/\/www.cetap.org.br\/site\/wp-json\/wp\/v2\/pages\/31","targetHints":{"allow":["GET"]}}],"collection":[{"href":"https:\/\/www.cetap.org.br\/site\/wp-json\/wp\/v2\/pages"}],"about":[{"href":"https:\/\/www.cetap.org.br\/site\/wp-json\/wp\/v2\/types\/page"}],"author":[{"embeddable":true,"href":"https:\/\/www.cetap.org.br\/site\/wp-json\/wp\/v2\/users\/1"}],"replies":[{"embeddable":true,"href":"https:\/\/www.cetap.org.br\/site\/wp-json\/wp\/v2\/comments?post=31"}],"version-history":[{"count":1,"href":"https:\/\/www.cetap.org.br\/site\/wp-json\/wp\/v2\/pages\/31\/revisions"}],"predecessor-version":[{"id":33,"href":"https:\/\/www.cetap.org.br\/site\/wp-json\/wp\/v2\/pages\/31\/revisions\/33"}],"wp:featuredmedia":[{"embeddable":true,"href":"https:\/\/www.cetap.org.br\/site\/wp-json\/wp\/v2\/media\/32"}],"wp:attachment":[{"href":"https:\/\/www.cetap.org.br\/site\/wp-json\/wp\/v2\/media?parent=31"}],"curies":[{"name":"wp","href":"https:\/\/api.w.org\/{rel}","templated":true}]}}