{"id":21,"date":"2015-10-02T05:33:11","date_gmt":"2015-10-02T08:33:11","guid":{"rendered":"http:\/\/www.cetap.org.br\/site\/?page_id=21"},"modified":"2015-10-02T06:08:42","modified_gmt":"2015-10-02T09:08:42","slug":"atuacao","status":"publish","type":"page","link":"https:\/\/www.cetap.org.br\/site\/atuacao\/","title":{"rendered":"Atua\u00e7\u00e3o"},"content":{"rendered":"<p>Para cumprir nossa miss\u00e3o s\u00e3o desenvolvidas diferentes atividades:<\/p>\n<h3 style=\"padding-left: 30px;\"><span style=\"color: #800080;\">Sensibiliza\u00e7\u00e3o, organiza\u00e7\u00e3o e mobiliza\u00e7\u00e3o<\/span><\/h3>\n<p style=\"padding-left: 60px;\"><span style=\"color: #800080;\">Sensibiliza\u00e7\u00e3o dos pequenos e das pequenas agricultoras sobre as possibilidades e oportunidades de produ\u00e7\u00e3o de alimentos com base nos princ\u00edpios da agroecologia.\u00a0 Incentivo \u00e0 ado\u00e7\u00e3o das pr\u00e1ticas de agricultura de baixo carbono, da import\u00e2ncia das a\u00e7\u00f5es cooperadas e parcerias com outros segmentos sociais para melhoria da qualidade de vida e promo\u00e7\u00e3o do desenvolvimento sustent\u00e1vel.<\/span><\/p>\n<h3 style=\"padding-left: 30px;\"><span style=\"color: #800080;\">Capacita\u00e7\u00e3o e forma\u00e7\u00e3o continuada<\/span><\/h3>\n<p style=\"padding-left: 60px;\"><span style=\"color: #800080;\">Realiza\u00e7\u00e3o de cursos, oficinas, experimentos e interc\u00e2mbios para conhecer, experimentar, compartilhar, difundir e socializar saberes. Saber fazer e saber o que faz e porque faz, para melhor compreender a realidade e possibilidades, qualificando as a\u00e7\u00f5es e potencializando resultados.<\/span><\/p>\n<h3 style=\"padding-left: 30px;\"><span style=\"color: #800080;\">Assessoramento e monitoramento<\/span><\/h3>\n<p style=\"padding-left: 60px;\"><span style=\"color: #800080;\">Auxiliar no processo de gest\u00e3o das unidades de produ\u00e7\u00e3o familiares, dos empreendimentos coletivos criados nos espa\u00e7os rurais e urbanos e na proposi\u00e7\u00e3o e adequa\u00e7\u00e3o de pol\u00edticas. Realizar e avaliar para realizar com melhorar qualidade, num processo de aprendizagem permanente.<\/span><\/p>\n<p>&nbsp;<\/p>\n<p>A a\u00e7\u00e3o do CETAP busca a viabiliza\u00e7\u00e3o da agricultura familiar atrav\u00e9s do uso de tecnologias de menor custo, que preservem a sa\u00fade das pessoas e o meio ambiente; a organiza\u00e7\u00e3o e gest\u00e3o das unidades familiares de produ\u00e7\u00e3o, com interven\u00e7\u00e3o em toda cadeia produtiva (produ\u00e7\u00e3o, processamento e comercializa\u00e7\u00e3o de produtos); e, de est\u00edmulo e acompanhamento a iniciativas em coopera\u00e7\u00e3o, que fomentem a solidariedade entre os agricultores e agricultoras e entre estes e a popula\u00e7\u00e3o urbana.<\/p>\n<p>As atividades no meio rural s\u00e3o realizadas com intuito de: contemplar toda a fam\u00edlia dos agricultores (homens, mulheres, jovens e crian\u00e7as) e, sempre que poss\u00edvel, de modo coletivo, buscar o aprendizado que venha a aperfei\u00e7oar as atividades e a\u00e7\u00f5es de melhoria das condi\u00e7\u00f5es de vida das pessoas e o fortalecimento comunit\u00e1rio.<\/p>\n<p>No ambiente urbano s\u00e3o realizadas atividades com pessoas e organiza\u00e7\u00f5es para sensibiliza\u00e7\u00e3o e capacita\u00e7\u00e3o sobre temas da alimenta\u00e7\u00e3o saud\u00e1vel, consumo respons\u00e1vel e preserva\u00e7\u00e3o dos recursos naturais.\u00a0 A aproxima\u00e7\u00e3o entre urbanos e rurais busca a constru\u00e7\u00e3o de alternativas adequadas de abastecimento alimentar para promover soberania e seguran\u00e7a alimentar e nutricional, contribuindo para o desenvolvimento rural com sustentabilidade para toda popula\u00e7\u00e3o.<\/p>\n","protected":false},"excerpt":{"rendered":"<p>Para cumprir nossa miss\u00e3o s\u00e3o desenvolvidas diferentes atividades: Sensibiliza\u00e7\u00e3o, organiza\u00e7\u00e3o e mobiliza\u00e7\u00e3o Sensibiliza\u00e7\u00e3o dos pequenos e das pequenas agricultoras sobre as possibilidades e oportunidades de produ\u00e7\u00e3o de alimentos com base nos princ\u00edpios da agroecologia.\u00a0 Incentivo \u00e0 ado\u00e7\u00e3o das pr\u00e1ticas de agricultura de baixo carbono, da import\u00e2ncia das a\u00e7\u00f5es cooperadas e parcerias com outros segmentos sociais30<\/p>\n","protected":false},"author":1,"featured_media":29,"parent":0,"menu_order":0,"comment_status":"closed","ping_status":"closed","template":"page-fullwidth.php","meta":{"footnotes":""},"class_list":["post-21","page","type-page","status-publish","has-post-thumbnail","hentry"],"_links":{"self":[{"href":"https:\/\/www.cetap.org.br\/site\/wp-json\/wp\/v2\/pages\/21","targetHints":{"allow":["GET"]}}],"collection":[{"href":"https:\/\/www.cetap.org.br\/site\/wp-json\/wp\/v2\/pages"}],"about":[{"href":"https:\/\/www.cetap.org.br\/site\/wp-json\/wp\/v2\/types\/page"}],"author":[{"embeddable":true,"href":"https:\/\/www.cetap.org.br\/site\/wp-json\/wp\/v2\/users\/1"}],"replies":[{"embeddable":true,"href":"https:\/\/www.cetap.org.br\/site\/wp-json\/wp\/v2\/comments?post=21"}],"version-history":[{"count":3,"href":"https:\/\/www.cetap.org.br\/site\/wp-json\/wp\/v2\/pages\/21\/revisions"}],"predecessor-version":[{"id":28,"href":"https:\/\/www.cetap.org.br\/site\/wp-json\/wp\/v2\/pages\/21\/revisions\/28"}],"wp:featuredmedia":[{"embeddable":true,"href":"https:\/\/www.cetap.org.br\/site\/wp-json\/wp\/v2\/media\/29"}],"wp:attachment":[{"href":"https:\/\/www.cetap.org.br\/site\/wp-json\/wp\/v2\/media?parent=21"}],"curies":[{"name":"wp","href":"https:\/\/api.w.org\/{rel}","templated":true}]}}